{"id":326,"date":"2025-02-28T15:15:57","date_gmt":"2025-02-28T14:15:57","guid":{"rendered":"https:\/\/2lpublicidad.com\/?page_id=326"},"modified":"2025-05-21T18:55:40","modified_gmt":"2025-05-21T17:55:40","slug":"servicios","status":"publish","type":"page","link":"https:\/\/2lpublicidad.com\/en\/servicios\/","title":{"rendered":"(No title)"},"content":{"rendered":"<p class=\"has-medium-font-size\">\ud83d\ude80 Grow your business with 2L Publicidad. Contact us and optimize your corporate image today.<\/p><div class=\"wp-block-columns is-layout-flex wp-container-core-columns-is-layout-28f84493 wp-block-columns-is-layout-flex\"><div class=\"wp-block-column is-layout-flow wp-block-column-is-layout-flow\"><\/div><\/div><div class=\"wp-block-columns alignwide are-vertically-aligned-top is-layout-flex wp-container-core-columns-is-layout-08c01c1c wp-block-columns-is-layout-flex\"><div class=\"wp-block-column is-vertically-aligned-top is-layout-flow wp-block-column-is-layout-flow\"><div class=\"wp-block-group wp-container-content-231d8afb is-vertical is-content-justification-left is-nowrap is-layout-flex wp-container-core-group-is-layout-d439c89b wp-block-group-is-layout-flex\" style=\"margin-top:0;margin-bottom:0\"><figure class=\"wp-block-image size-large wp-container-content-0733e5d0\"><img fetchpriority=\"high\" decoding=\"async\" width=\"1024\" height=\"683\" src=\"https:\/\/2lpublicidad.com\/wp-content\/uploads\/2025\/03\/disenografico1-1024x683.jpeg\" alt=\"\" class=\"wp-image-573\" style=\"aspect-ratio:4\/3;object-fit:cover\" srcset=\"https:\/\/2lpublicidad.com\/wp-content\/uploads\/2025\/03\/disenografico1-1024x683.jpeg 1024w, https:\/\/2lpublicidad.com\/wp-content\/uploads\/2025\/03\/disenografico1-300x200.jpeg 300w, https:\/\/2lpublicidad.com\/wp-content\/uploads\/2025\/03\/disenografico1-768x512.jpeg 768w, https:\/\/2lpublicidad.com\/wp-content\/uploads\/2025\/03\/disenografico1-1536x1024.jpeg 1536w, https:\/\/2lpublicidad.com\/wp-content\/uploads\/2025\/03\/disenografico1-2048x1365.jpeg 2048w, https:\/\/2lpublicidad.com\/wp-content\/uploads\/2025\/03\/disenografico1-18x12.jpeg 18w, https:\/\/2lpublicidad.com\/wp-content\/uploads\/2025\/03\/disenografico1-600x400.jpeg 600w\" sizes=\"(max-width: 1024px) 100vw, 1024px\" \/><figcaption class=\"wp-element-caption\">Graphic design and branding.<\/figcaption><\/figure>\n\n<div class=\"wp-block-group is-vertical is-nowrap is-layout-flex wp-container-core-group-is-layout-5280e479 wp-block-group-is-layout-flex\"><p class=\"has-medium-font-size\"><strong><strong>GRAPHIC DESIGN AND BRANDING<\/strong><\/strong><\/p>\n\n<p class=\"has-small-font-size\">We bring your brand to life with unique and personalized designs. We specialize in corporate identity, logo design, stationery, signage, catalogs, stickers, and packaging. We also create designs for workwear and merchandising, ensuring your brand has a professional and consistent image across all formats.<\/p><\/div><\/div><\/div>\n\n<div class=\"wp-block-column is-vertically-aligned-top is-layout-flow wp-block-column-is-layout-flow\"><div class=\"wp-block-group wp-container-content-231d8afb is-vertical is-layout-flex wp-container-core-group-is-layout-05b43539 wp-block-group-is-layout-flex\" style=\"margin-top:0;margin-bottom:0\"><figure class=\"wp-block-image size-large wp-container-content-0733e5d0\"><img decoding=\"async\" width=\"1024\" height=\"585\" src=\"https:\/\/2lpublicidad.com\/wp-content\/uploads\/2025\/03\/impresion-1024x585.jpg\" alt=\"\" class=\"wp-image-575\" style=\"aspect-ratio:4\/3;object-fit:cover\" srcset=\"https:\/\/2lpublicidad.com\/wp-content\/uploads\/2025\/03\/impresion-1024x585.jpg 1024w, https:\/\/2lpublicidad.com\/wp-content\/uploads\/2025\/03\/impresion-300x171.jpg 300w, https:\/\/2lpublicidad.com\/wp-content\/uploads\/2025\/03\/impresion-768x439.jpg 768w, https:\/\/2lpublicidad.com\/wp-content\/uploads\/2025\/03\/impresion-1536x878.jpg 1536w, https:\/\/2lpublicidad.com\/wp-content\/uploads\/2025\/03\/impresion-2048x1170.jpg 2048w, https:\/\/2lpublicidad.com\/wp-content\/uploads\/2025\/03\/impresion-18x10.jpg 18w, https:\/\/2lpublicidad.com\/wp-content\/uploads\/2025\/03\/impresion-600x343.jpg 600w\" sizes=\"(max-width: 1024px) 100vw, 1024px\" \/><figcaption class=\"wp-element-caption\">Digital and offset printing.<\/figcaption><\/figure>\n\n<div class=\"wp-block-group is-vertical is-nowrap is-layout-flex wp-container-core-group-is-layout-5280e479 wp-block-group-is-layout-flex\"><p class=\"has-medium-font-size\"><strong><strong>DIGITAL AND OFFSET PRINTING<\/strong><\/strong><\/p>\n\n<p class=\"has-small-font-size\">We print with the highest quality and excellent finishes. We offer digital and offset printing services in a wide variety of formats and materials. From business cards to large-format signage, we guarantee vibrant colors and durability. Already have a design? We make it a reality. Need a design from scratch? We\u2019ll take care of everything. Request a free, no-obligation quote!<\/p><\/div><\/div><\/div><\/div><div class=\"wp-block-columns alignwide are-vertically-aligned-top is-layout-flex wp-container-core-columns-is-layout-08c01c1c wp-block-columns-is-layout-flex\"><div class=\"wp-block-column is-vertically-aligned-top is-layout-flow wp-block-column-is-layout-flow\"><div class=\"wp-block-group wp-container-content-231d8afb is-vertical is-content-justification-left is-nowrap is-layout-flex wp-container-core-group-is-layout-d439c89b wp-block-group-is-layout-flex\" style=\"margin-top:0;margin-bottom:0\"><figure class=\"wp-block-image size-large wp-container-content-0733e5d0\"><img decoding=\"async\" width=\"1024\" height=\"683\" src=\"https:\/\/2lpublicidad.com\/wp-content\/uploads\/2025\/03\/fotografia1-1024x683.jpg\" alt=\"\" class=\"wp-image-578\" style=\"aspect-ratio:4\/3;object-fit:cover\" srcset=\"https:\/\/2lpublicidad.com\/wp-content\/uploads\/2025\/03\/fotografia1-1024x683.jpg 1024w, https:\/\/2lpublicidad.com\/wp-content\/uploads\/2025\/03\/fotografia1-300x200.jpg 300w, https:\/\/2lpublicidad.com\/wp-content\/uploads\/2025\/03\/fotografia1-768x512.jpg 768w, https:\/\/2lpublicidad.com\/wp-content\/uploads\/2025\/03\/fotografia1-1536x1024.jpg 1536w, https:\/\/2lpublicidad.com\/wp-content\/uploads\/2025\/03\/fotografia1-2048x1366.jpg 2048w, https:\/\/2lpublicidad.com\/wp-content\/uploads\/2025\/03\/fotografia1-18x12.jpg 18w, https:\/\/2lpublicidad.com\/wp-content\/uploads\/2025\/03\/fotografia1-600x400.jpg 600w\" sizes=\"(max-width: 1024px) 100vw, 1024px\" \/><figcaption class=\"wp-element-caption\">Corporate and product photography.<\/figcaption><\/figure>\n\n<div class=\"wp-block-group is-vertical is-nowrap is-layout-flex wp-container-core-group-is-layout-5280e479 wp-block-group-is-layout-flex\"><p class=\"has-medium-font-size\"><strong><strong><strong><strong>CORPORATE AND PRODUCT PHOTOGRAPHY<\/strong><\/strong><\/strong><\/strong><\/p>\n\n<p class=\"has-small-font-size\">Professional images to enhance your brand. We provide product photography, corporate photography, and professional photo retouching.<\/p>\n\n<p class=\"has-small-font-size\">We generate high-quality images that reinforce your business\u2019s presence on social media, websites, catalogs, and advertising campaigns.<\/p><\/div><\/div><\/div>\n\n<div class=\"wp-block-column is-vertically-aligned-top is-layout-flow wp-block-column-is-layout-flow\"><div class=\"wp-block-group wp-container-content-231d8afb is-vertical is-layout-flex wp-container-core-group-is-layout-05b43539 wp-block-group-is-layout-flex\" style=\"margin-top:0;margin-bottom:0\"><figure class=\"wp-block-image size-large wp-container-content-0733e5d0\"><img loading=\"lazy\" decoding=\"async\" width=\"1024\" height=\"683\" src=\"https:\/\/2lpublicidad.com\/wp-content\/uploads\/2025\/03\/gestion_rrss1-1024x683.jpg\" alt=\"\" class=\"wp-image-577\" style=\"aspect-ratio:4\/3;object-fit:cover\" srcset=\"https:\/\/2lpublicidad.com\/wp-content\/uploads\/2025\/03\/gestion_rrss1-1024x683.jpg 1024w, https:\/\/2lpublicidad.com\/wp-content\/uploads\/2025\/03\/gestion_rrss1-300x200.jpg 300w, https:\/\/2lpublicidad.com\/wp-content\/uploads\/2025\/03\/gestion_rrss1-768x512.jpg 768w, https:\/\/2lpublicidad.com\/wp-content\/uploads\/2025\/03\/gestion_rrss1-1536x1024.jpg 1536w, https:\/\/2lpublicidad.com\/wp-content\/uploads\/2025\/03\/gestion_rrss1-2048x1365.jpg 2048w, https:\/\/2lpublicidad.com\/wp-content\/uploads\/2025\/03\/gestion_rrss1-18x12.jpg 18w, https:\/\/2lpublicidad.com\/wp-content\/uploads\/2025\/03\/gestion_rrss1-600x400.jpg 600w\" sizes=\"(max-width: 1024px) 100vw, 1024px\" \/><figcaption class=\"wp-element-caption\">Social media management and digital marketing.<\/figcaption><\/figure>\n\n<div class=\"wp-block-group is-vertical is-nowrap is-layout-flex wp-container-core-group-is-layout-5280e479 wp-block-group-is-layout-flex\"><p class=\"has-medium-font-size\"><strong><strong>SOCIAL MEDIA MANAGEMENT AND DIGITAL MARKETING<\/strong><\/strong><\/p>\n\n<p class=\"has-extra-small-font-size\">Turn your social media into a sales and loyalty tool. We take care of your digital strategy, content planning, and social media profile management and optimization. We create advertising campaigns on Facebook, Instagram, and Google Ads to attract customers and increase your online visibility.<\/p>\n\n<p class=\"has-extra-small-font-size\">Need help? Let\u2019s schedule a FREE video call to analyze your business and design a digital marketing plan tailored to your needs.<\/p><\/div><\/div><\/div><\/div><div class=\"wp-block-columns alignwide are-vertically-aligned-top is-layout-flex wp-container-core-columns-is-layout-08c01c1c wp-block-columns-is-layout-flex\"><div class=\"wp-block-column is-vertically-aligned-top is-layout-flow wp-block-column-is-layout-flow\"><div class=\"wp-block-group wp-container-content-231d8afb is-vertical is-content-justification-left is-nowrap is-layout-flex wp-container-core-group-is-layout-d439c89b wp-block-group-is-layout-flex\" style=\"margin-top:0;margin-bottom:0\"><figure class=\"wp-block-image size-large wp-container-content-0733e5d0\"><img loading=\"lazy\" decoding=\"async\" width=\"1024\" height=\"768\" src=\"https:\/\/2lpublicidad.com\/wp-content\/uploads\/2025\/03\/merchandising-1024x768.jpg\" alt=\"\" class=\"wp-image-579\" srcset=\"https:\/\/2lpublicidad.com\/wp-content\/uploads\/2025\/03\/merchandising-1024x768.jpg 1024w, https:\/\/2lpublicidad.com\/wp-content\/uploads\/2025\/03\/merchandising-300x225.jpg 300w, https:\/\/2lpublicidad.com\/wp-content\/uploads\/2025\/03\/merchandising-768x576.jpg 768w, https:\/\/2lpublicidad.com\/wp-content\/uploads\/2025\/03\/merchandising-1536x1152.jpg 1536w, https:\/\/2lpublicidad.com\/wp-content\/uploads\/2025\/03\/merchandising-2048x1536.jpg 2048w, https:\/\/2lpublicidad.com\/wp-content\/uploads\/2025\/03\/merchandising-16x12.jpg 16w, https:\/\/2lpublicidad.com\/wp-content\/uploads\/2025\/03\/merchandising-600x450.jpg 600w\" sizes=\"(max-width: 1024px) 100vw, 1024px\" \/><figcaption class=\"wp-element-caption\">Personalized merchandising.<\/figcaption><\/figure>\n\n<div class=\"wp-block-group is-vertical is-nowrap is-layout-flex wp-container-core-group-is-layout-5280e479 wp-block-group-is-layout-flex\"><p class=\"has-medium-font-size\"><strong><strong><strong><strong><strong><strong><strong><strong>PERSONALI<\/strong><\/strong><\/strong><\/strong>ZED<\/strong><\/strong><\/strong><\/strong> <strong><strong><strong><strong>MERCHANDISING<\/strong><\/strong><\/strong><\/strong><\/p>\n\n<p class=\"has-small-font-size\">Effective advertising with personalized promotional items. We offer a wide variety of personalized promotional products with your logo: pens, mugs, planners, USB flash drives, promotional textiles, and much more. Make your brand a presence in your customers\u2019 daily lives with quality merchandising.<\/p><\/div><\/div><\/div>\n\n<div class=\"wp-block-column is-vertically-aligned-top is-layout-flow wp-block-column-is-layout-flow\"><div class=\"wp-block-group wp-container-content-231d8afb is-vertical is-layout-flex wp-container-core-group-is-layout-05b43539 wp-block-group-is-layout-flex\" style=\"margin-top:0;margin-bottom:0\"><figure class=\"wp-block-image size-large wp-container-content-0733e5d0\"><img loading=\"lazy\" decoding=\"async\" width=\"701\" height=\"1024\" src=\"https:\/\/2lpublicidad.com\/wp-content\/uploads\/2025\/03\/ropa_laboral1-701x1024.png\" alt=\"\" class=\"wp-image-580\" style=\"aspect-ratio:4\/3;object-fit:cover\" srcset=\"https:\/\/2lpublicidad.com\/wp-content\/uploads\/2025\/03\/ropa_laboral1-701x1024.png 701w, https:\/\/2lpublicidad.com\/wp-content\/uploads\/2025\/03\/ropa_laboral1-205x300.png 205w, https:\/\/2lpublicidad.com\/wp-content\/uploads\/2025\/03\/ropa_laboral1-768x1122.png 768w, https:\/\/2lpublicidad.com\/wp-content\/uploads\/2025\/03\/ropa_laboral1-8x12.png 8w, https:\/\/2lpublicidad.com\/wp-content\/uploads\/2025\/03\/ropa_laboral1-600x877.png 600w, https:\/\/2lpublicidad.com\/wp-content\/uploads\/2025\/03\/ropa_laboral1.png 832w\" sizes=\"(max-width: 701px) 100vw, 701px\" \/><figcaption class=\"wp-element-caption\">Customized work and promotional clothing.<\/figcaption><\/figure>\n\n<div class=\"wp-block-group is-vertical is-nowrap is-layout-flex wp-container-core-group-is-layout-5280e479 wp-block-group-is-layout-flex\"><p class=\"has-medium-font-size\"><strong><strong>CUSTOMIZED WORK AND PROMOTIONAL CLOTHING<\/strong><\/strong><\/p>\n\n<p class=\"has-small-font-size\">Dress your team with quality and professionalism. We offer work and promotional clothing from the brands JHK, ROLY, and VELILLA, ideal for different sectors. We customize T-shirts, polo shirts, sweatshirts, vests, and more with embroidery or prints to reinforce your company\u2019s identity.<\/p><\/div><\/div><\/div><\/div>","protected":false},"excerpt":{"rendered":"<p>\ud83d\ude80 Grow your business with 2L Publicidad. Contact us and optimize your corporate image today. DISE\u00d1O GR\u00c1FICO Y MARCA Damos vida a su marca con dise\u00f1os \u00fanicos y personalizados. Nos especializamos en identidad corporativa, dise\u00f1o de logotipos, papeler\u00eda, se\u00f1alizaci\u00f3n, cat\u00e1logos, pegatinas y empaques. Tambi\u00e9n creamos dise\u00f1os para ropa de trabajo y merchandising, garantizando que su&hellip;<\/p>","protected":false},"author":2,"featured_media":0,"parent":0,"menu_order":0,"comment_status":"closed","ping_status":"closed","template":"wp-custom-template-empty","meta":{"footnotes":""},"class_list":["post-326","page","type-page","status-publish","hentry"],"yoast_head":"<!-- This site is optimized with the Yoast SEO plugin v25.1 - https:\/\/yoast.com\/wordpress\/plugins\/seo\/ -->\n<title>- 2L Publicidad<\/title>\n<meta name=\"robots\" content=\"index, follow, max-snippet:-1, max-image-preview:large, max-video-preview:-1\" \/>\n<link rel=\"canonical\" href=\"https:\/\/2lpublicidad.com\/en\/servicios\/\" \/>\n<meta property=\"og:locale\" content=\"en_GB\" \/>\n<meta property=\"og:type\" content=\"article\" \/>\n<meta property=\"og:title\" content=\"- 2L Publicidad\" \/>\n<meta property=\"og:description\" content=\"\ud83d\ude80 Grow your business with 2L Publicidad. Contact us and optimize your corporate image today. DISE\u00d1O GR\u00c1FICO Y MARCA Damos vida a su marca con dise\u00f1os \u00fanicos y personalizados. Nos especializamos en identidad corporativa, dise\u00f1o de logotipos, papeler\u00eda, se\u00f1alizaci\u00f3n, cat\u00e1logos, pegatinas y empaques. Tambi\u00e9n creamos dise\u00f1os para ropa de trabajo y merchandising, garantizando que su&hellip;\" \/>\n<meta property=\"og:url\" content=\"https:\/\/2lpublicidad.com\/en\/servicios\/\" \/>\n<meta property=\"og:site_name\" content=\"2L Publicidad\" \/>\n<meta property=\"article:publisher\" content=\"https:\/\/www.facebook.com\/imayupublicidad\" \/>\n<meta property=\"article:modified_time\" content=\"2025-05-21T17:55:40+00:00\" \/>\n<meta property=\"og:image\" content=\"https:\/\/2lpublicidad.com\/wp-content\/uploads\/2025\/03\/disenografico1-scaled.jpeg\" \/>\n\t<meta property=\"og:image:width\" content=\"2560\" \/>\n\t<meta property=\"og:image:height\" content=\"1707\" \/>\n\t<meta property=\"og:image:type\" content=\"image\/jpeg\" \/>\n<meta name=\"twitter:card\" content=\"summary_large_image\" \/>\n<meta name=\"twitter:label1\" content=\"Estimated reading time\" \/>\n\t<meta name=\"twitter:data1\" content=\"3 minutes\" \/>\n<script type=\"application\/ld+json\" class=\"yoast-schema-graph\">{\"@context\":\"https:\/\/schema.org\",\"@graph\":[{\"@type\":\"WebPage\",\"@id\":\"https:\/\/2lpublicidad.com\/servicios\/\",\"url\":\"https:\/\/2lpublicidad.com\/servicios\/\",\"name\":\"- 2L Publicidad\",\"isPartOf\":{\"@id\":\"https:\/\/2lpublicidad.com\/#website\"},\"primaryImageOfPage\":{\"@id\":\"https:\/\/2lpublicidad.com\/servicios\/#primaryimage\"},\"image\":{\"@id\":\"https:\/\/2lpublicidad.com\/servicios\/#primaryimage\"},\"thumbnailUrl\":\"https:\/\/2lpublicidad.com\/wp-content\/uploads\/2025\/03\/disenografico1-1024x683.jpeg\",\"datePublished\":\"2025-02-28T14:15:57+00:00\",\"dateModified\":\"2025-05-21T17:55:40+00:00\",\"breadcrumb\":{\"@id\":\"https:\/\/2lpublicidad.com\/servicios\/#breadcrumb\"},\"inLanguage\":\"en-GB\",\"potentialAction\":[{\"@type\":\"ReadAction\",\"target\":[\"https:\/\/2lpublicidad.com\/servicios\/\"]}]},{\"@type\":\"ImageObject\",\"inLanguage\":\"en-GB\",\"@id\":\"https:\/\/2lpublicidad.com\/servicios\/#primaryimage\",\"url\":\"https:\/\/2lpublicidad.com\/wp-content\/uploads\/2025\/03\/disenografico1-1024x683.jpeg\",\"contentUrl\":\"https:\/\/2lpublicidad.com\/wp-content\/uploads\/2025\/03\/disenografico1-1024x683.jpeg\"},{\"@type\":\"BreadcrumbList\",\"@id\":\"https:\/\/2lpublicidad.com\/servicios\/#breadcrumb\",\"itemListElement\":[{\"@type\":\"ListItem\",\"position\":1,\"name\":\"Home\",\"item\":\"https:\/\/2lpublicidad.com\/\"},{\"@type\":\"ListItem\",\"position\":2,\"name\":\"(No title)\"}]},{\"@type\":\"WebSite\",\"@id\":\"https:\/\/2lpublicidad.com\/#website\",\"url\":\"https:\/\/2lpublicidad.com\/\",\"name\":\"2L Publicidad\",\"description\":\"Dise\u00f1o &amp; Publicidad\",\"publisher\":{\"@id\":\"https:\/\/2lpublicidad.com\/#organization\"},\"potentialAction\":[{\"@type\":\"SearchAction\",\"target\":{\"@type\":\"EntryPoint\",\"urlTemplate\":\"https:\/\/2lpublicidad.com\/?s={search_term_string}\"},\"query-input\":{\"@type\":\"PropertyValueSpecification\",\"valueRequired\":true,\"valueName\":\"search_term_string\"}}],\"inLanguage\":\"en-GB\"},{\"@type\":\"Organization\",\"@id\":\"https:\/\/2lpublicidad.com\/#organization\",\"name\":\"2L Publicidad\",\"url\":\"https:\/\/2lpublicidad.com\/\",\"logo\":{\"@type\":\"ImageObject\",\"inLanguage\":\"en-GB\",\"@id\":\"https:\/\/2lpublicidad.com\/#\/schema\/logo\/image\/\",\"url\":\"https:\/\/2lpublicidad.com\/wp-content\/uploads\/2025\/02\/2L-DEFINITIVO-03.jpg\",\"contentUrl\":\"https:\/\/2lpublicidad.com\/wp-content\/uploads\/2025\/02\/2L-DEFINITIVO-03.jpg\",\"width\":2362,\"height\":2362,\"caption\":\"2L Publicidad\"},\"image\":{\"@id\":\"https:\/\/2lpublicidad.com\/#\/schema\/logo\/image\/\"},\"sameAs\":[\"https:\/\/www.facebook.com\/imayupublicidad\",\"https:\/\/www.instagram.com\/2lpublicidad\"]}]}<\/script>\n<!-- \/ Yoast SEO plugin. -->","yoast_head_json":{"title":"- 2L Publicidad","robots":{"index":"index","follow":"follow","max-snippet":"max-snippet:-1","max-image-preview":"max-image-preview:large","max-video-preview":"max-video-preview:-1"},"canonical":"https:\/\/2lpublicidad.com\/en\/servicios\/","og_locale":"en_GB","og_type":"article","og_title":"- 2L Publicidad","og_description":"\ud83d\ude80 Grow your business with 2L Publicidad. Contact us and optimize your corporate image today. DISE\u00d1O GR\u00c1FICO Y MARCA Damos vida a su marca con dise\u00f1os \u00fanicos y personalizados. Nos especializamos en identidad corporativa, dise\u00f1o de logotipos, papeler\u00eda, se\u00f1alizaci\u00f3n, cat\u00e1logos, pegatinas y empaques. Tambi\u00e9n creamos dise\u00f1os para ropa de trabajo y merchandising, garantizando que su&hellip;","og_url":"https:\/\/2lpublicidad.com\/en\/servicios\/","og_site_name":"2L Publicidad","article_publisher":"https:\/\/www.facebook.com\/imayupublicidad","article_modified_time":"2025-05-21T17:55:40+00:00","og_image":[{"width":2560,"height":1707,"url":"https:\/\/2lpublicidad.com\/wp-content\/uploads\/2025\/03\/disenografico1-scaled.jpeg","type":"image\/jpeg"}],"twitter_card":"summary_large_image","twitter_misc":{"Estimated reading time":"3 minutes"},"schema":{"@context":"https:\/\/schema.org","@graph":[{"@type":"WebPage","@id":"https:\/\/2lpublicidad.com\/servicios\/","url":"https:\/\/2lpublicidad.com\/servicios\/","name":"- 2L Publicidad","isPartOf":{"@id":"https:\/\/2lpublicidad.com\/#website"},"primaryImageOfPage":{"@id":"https:\/\/2lpublicidad.com\/servicios\/#primaryimage"},"image":{"@id":"https:\/\/2lpublicidad.com\/servicios\/#primaryimage"},"thumbnailUrl":"https:\/\/2lpublicidad.com\/wp-content\/uploads\/2025\/03\/disenografico1-1024x683.jpeg","datePublished":"2025-02-28T14:15:57+00:00","dateModified":"2025-05-21T17:55:40+00:00","breadcrumb":{"@id":"https:\/\/2lpublicidad.com\/servicios\/#breadcrumb"},"inLanguage":"en-GB","potentialAction":[{"@type":"ReadAction","target":["https:\/\/2lpublicidad.com\/servicios\/"]}]},{"@type":"ImageObject","inLanguage":"en-GB","@id":"https:\/\/2lpublicidad.com\/servicios\/#primaryimage","url":"https:\/\/2lpublicidad.com\/wp-content\/uploads\/2025\/03\/disenografico1-1024x683.jpeg","contentUrl":"https:\/\/2lpublicidad.com\/wp-content\/uploads\/2025\/03\/disenografico1-1024x683.jpeg"},{"@type":"BreadcrumbList","@id":"https:\/\/2lpublicidad.com\/servicios\/#breadcrumb","itemListElement":[{"@type":"ListItem","position":1,"name":"Home","item":"https:\/\/2lpublicidad.com\/"},{"@type":"ListItem","position":2,"name":"(No title)"}]},{"@type":"WebSite","@id":"https:\/\/2lpublicidad.com\/#website","url":"https:\/\/2lpublicidad.com\/","name":"2L Publicidad","description":"Dise\u00f1o &amp; Publicidad","publisher":{"@id":"https:\/\/2lpublicidad.com\/#organization"},"potentialAction":[{"@type":"SearchAction","target":{"@type":"EntryPoint","urlTemplate":"https:\/\/2lpublicidad.com\/?s={search_term_string}"},"query-input":{"@type":"PropertyValueSpecification","valueRequired":true,"valueName":"search_term_string"}}],"inLanguage":"en-GB"},{"@type":"Organization","@id":"https:\/\/2lpublicidad.com\/#organization","name":"2L Publicidad","url":"https:\/\/2lpublicidad.com\/","logo":{"@type":"ImageObject","inLanguage":"en-GB","@id":"https:\/\/2lpublicidad.com\/#\/schema\/logo\/image\/","url":"https:\/\/2lpublicidad.com\/wp-content\/uploads\/2025\/02\/2L-DEFINITIVO-03.jpg","contentUrl":"https:\/\/2lpublicidad.com\/wp-content\/uploads\/2025\/02\/2L-DEFINITIVO-03.jpg","width":2362,"height":2362,"caption":"2L Publicidad"},"image":{"@id":"https:\/\/2lpublicidad.com\/#\/schema\/logo\/image\/"},"sameAs":["https:\/\/www.facebook.com\/imayupublicidad","https:\/\/www.instagram.com\/2lpublicidad"]}]}},"_links":{"self":[{"href":"https:\/\/2lpublicidad.com\/en\/wp-json\/wp\/v2\/pages\/326","targetHints":{"allow":["GET"]}}],"collection":[{"href":"https:\/\/2lpublicidad.com\/en\/wp-json\/wp\/v2\/pages"}],"about":[{"href":"https:\/\/2lpublicidad.com\/en\/wp-json\/wp\/v2\/types\/page"}],"author":[{"embeddable":true,"href":"https:\/\/2lpublicidad.com\/en\/wp-json\/wp\/v2\/users\/2"}],"replies":[{"embeddable":true,"href":"https:\/\/2lpublicidad.com\/en\/wp-json\/wp\/v2\/comments?post=326"}],"version-history":[{"count":5,"href":"https:\/\/2lpublicidad.com\/en\/wp-json\/wp\/v2\/pages\/326\/revisions"}],"predecessor-version":[{"id":788,"href":"https:\/\/2lpublicidad.com\/en\/wp-json\/wp\/v2\/pages\/326\/revisions\/788"}],"wp:attachment":[{"href":"https:\/\/2lpublicidad.com\/en\/wp-json\/wp\/v2\/media?parent=326"}],"curies":[{"name":"wp","href":"https:\/\/api.w.org\/{rel}","templated":true}]}}